{"id":85,"date":"2025-04-23T19:07:24","date_gmt":"2025-04-23T17:07:24","guid":{"rendered":"https:\/\/quantifier.fr\/?page_id=85"},"modified":"2025-04-23T19:07:24","modified_gmt":"2025-04-23T17:07:24","slug":"simulateurs","status":"publish","type":"page","link":"https:\/\/quantifier.fr\/index.php\/simulateurs\/","title":{"rendered":"Simulateurs"},"content":{"rendered":"\n<figure class=\"wp-block-image size-large\"><img loading=\"lazy\" decoding=\"async\" width=\"1024\" height=\"775\" src=\"https:\/\/quantifier.fr\/wp-content\/uploads\/2025\/04\/03791417-0972-4e43-968d-b3a9ecfa0cfe-1024x775.jpg\" alt=\"\" class=\"wp-image-86\" srcset=\"https:\/\/quantifier.fr\/wp-content\/uploads\/2025\/04\/03791417-0972-4e43-968d-b3a9ecfa0cfe-1024x775.jpg 1024w, https:\/\/quantifier.fr\/wp-content\/uploads\/2025\/04\/03791417-0972-4e43-968d-b3a9ecfa0cfe-300x227.jpg 300w, https:\/\/quantifier.fr\/wp-content\/uploads\/2025\/04\/03791417-0972-4e43-968d-b3a9ecfa0cfe-768x581.jpg 768w, https:\/\/quantifier.fr\/wp-content\/uploads\/2025\/04\/03791417-0972-4e43-968d-b3a9ecfa0cfe-1536x1162.jpg 1536w, https:\/\/quantifier.fr\/wp-content\/uploads\/2025\/04\/03791417-0972-4e43-968d-b3a9ecfa0cfe-2048x1550.jpg 2048w\" sizes=\"auto, (max-width: 1024px) 100vw, 1024px\" \/><\/figure>\n\n\n\n<p>Bient\u00f4t sur cette page, des outils pour vous aider \u00e0 b\u00e2tir des strat\u00e9gies financi\u00e8res.<\/p>\n","protected":false},"excerpt":{"rendered":"<p>Bient\u00f4t sur cette page, des outils pour vous aider \u00e0 b\u00e2tir des strat\u00e9gies financi\u00e8res.<\/p>\n","protected":false},"author":1,"featured_media":0,"parent":0,"menu_order":0,"comment_status":"closed","ping_status":"closed","template":"","meta":{"footnotes":""},"class_list":["post-85","page","type-page","status-publish","hentry"],"_links":{"self":[{"href":"https:\/\/quantifier.fr\/index.php\/wp-json\/wp\/v2\/pages\/85","targetHints":{"allow":["GET"]}}],"collection":[{"href":"https:\/\/quantifier.fr\/index.php\/wp-json\/wp\/v2\/pages"}],"about":[{"href":"https:\/\/quantifier.fr\/index.php\/wp-json\/wp\/v2\/types\/page"}],"author":[{"embeddable":true,"href":"https:\/\/quantifier.fr\/index.php\/wp-json\/wp\/v2\/users\/1"}],"replies":[{"embeddable":true,"href":"https:\/\/quantifier.fr\/index.php\/wp-json\/wp\/v2\/comments?post=85"}],"version-history":[{"count":1,"href":"https:\/\/quantifier.fr\/index.php\/wp-json\/wp\/v2\/pages\/85\/revisions"}],"predecessor-version":[{"id":87,"href":"https:\/\/quantifier.fr\/index.php\/wp-json\/wp\/v2\/pages\/85\/revisions\/87"}],"wp:attachment":[{"href":"https:\/\/quantifier.fr\/index.php\/wp-json\/wp\/v2\/media?parent=85"}],"curies":[{"name":"wp","href":"https:\/\/api.w.org\/{rel}","templated":true}]}}