{"id":81,"date":"2025-04-23T18:56:11","date_gmt":"2025-04-23T16:56:11","guid":{"rendered":"https:\/\/quantifier.fr\/?page_id=81"},"modified":"2025-04-23T19:58:12","modified_gmt":"2025-04-23T17:58:12","slug":"ressources","status":"publish","type":"page","link":"https:\/\/quantifier.fr\/index.php\/ressources\/","title":{"rendered":"Ressources"},"content":{"rendered":"\n<figure class=\"wp-block-image size-large\"><img loading=\"lazy\" decoding=\"async\" width=\"1024\" height=\"775\" src=\"https:\/\/quantifier.fr\/wp-content\/uploads\/2025\/04\/ef9145c9-6864-4bca-918c-c924672820a9-1024x775.jpg\" alt=\"\" class=\"wp-image-82\" srcset=\"https:\/\/quantifier.fr\/wp-content\/uploads\/2025\/04\/ef9145c9-6864-4bca-918c-c924672820a9-1024x775.jpg 1024w, https:\/\/quantifier.fr\/wp-content\/uploads\/2025\/04\/ef9145c9-6864-4bca-918c-c924672820a9-300x227.jpg 300w, https:\/\/quantifier.fr\/wp-content\/uploads\/2025\/04\/ef9145c9-6864-4bca-918c-c924672820a9-768x581.jpg 768w, https:\/\/quantifier.fr\/wp-content\/uploads\/2025\/04\/ef9145c9-6864-4bca-918c-c924672820a9-1536x1162.jpg 1536w, https:\/\/quantifier.fr\/wp-content\/uploads\/2025\/04\/ef9145c9-6864-4bca-918c-c924672820a9-2048x1550.jpg 2048w\" sizes=\"auto, (max-width: 1024px) 100vw, 1024px\" \/><\/figure>\n\n\n\n<h2 class=\"wp-block-heading\">Donn\u00e9es financi\u00e8res<\/h2>\n\n\n\n<ul class=\"wp-block-list\">\n<li>Cotations quotidiennes (europ\u00e9ennes) en t\u00e9l\u00e9chargement gratuit sur <a href=\"https:\/\/www.abcbourse.com\/download\/historiques\">abcbourse<\/a><\/li>\n\n\n\n<li>Cotations quotidiennes (US) sur <a href=\"https:\/\/finance.yahoo.com\/\">yahoo finances<\/a>, et le <a href=\"https:\/\/quantifier.fr\/index.php\/2025\/04\/23\/telecharger-les-cotations-sur-yahoo-finance\/\">code<\/a> pour t\u00e9l\u00e9charger les cotations<\/li>\n\n\n\n<li>Fichiers de donn\u00e9es historiques daily et intraday sur <a href=\"https:\/\/stooq.com\/db\/h\/\">stooq<\/a><\/li>\n\n\n\n<li>API <a href=\"https:\/\/www.alphavantage.co\/support\/#api-key\">alphavantage <\/a>(gratuite si moins de 25 requ\u00eates par jour) et le <a href=\"https:\/\/quantifier.fr\/index.php\/2025\/04\/23\/appeler-lapi-alphavantage\/\">code<\/a> d&#8217;appel pour les donn\u00e9es intraday<\/li>\n<\/ul>\n\n\n\n<h2 class=\"wp-block-heading\">Etudes quantitatives<\/h2>\n\n\n\n<ul class=\"wp-block-list\">\n<li>Recherches acad\u00e9miques en libre acc\u00e8s sur <a href=\"https:\/\/www.ssrn.com\/index.cfm\/en\/fen\/\">SSRN<\/a><\/li>\n<\/ul>\n\n\n\n<h2 class=\"wp-block-heading\">Livres<\/h2>\n\n\n\n<ul class=\"wp-block-list\">\n<li>Stocks on the Move Beating the Market with Hedge Fund Momentum Strategies &#8211; Andreas F. Clenow<\/li>\n<\/ul>\n\n\n\n<p><\/p>\n","protected":false},"excerpt":{"rendered":"<p>Donn\u00e9es financi\u00e8res Etudes quantitatives Livres<\/p>\n","protected":false},"author":1,"featured_media":0,"parent":0,"menu_order":0,"comment_status":"closed","ping_status":"closed","template":"","meta":{"footnotes":""},"class_list":["post-81","page","type-page","status-publish","hentry"],"_links":{"self":[{"href":"https:\/\/quantifier.fr\/index.php\/wp-json\/wp\/v2\/pages\/81","targetHints":{"allow":["GET"]}}],"collection":[{"href":"https:\/\/quantifier.fr\/index.php\/wp-json\/wp\/v2\/pages"}],"about":[{"href":"https:\/\/quantifier.fr\/index.php\/wp-json\/wp\/v2\/types\/page"}],"author":[{"embeddable":true,"href":"https:\/\/quantifier.fr\/index.php\/wp-json\/wp\/v2\/users\/1"}],"replies":[{"embeddable":true,"href":"https:\/\/quantifier.fr\/index.php\/wp-json\/wp\/v2\/comments?post=81"}],"version-history":[{"count":3,"href":"https:\/\/quantifier.fr\/index.php\/wp-json\/wp\/v2\/pages\/81\/revisions"}],"predecessor-version":[{"id":96,"href":"https:\/\/quantifier.fr\/index.php\/wp-json\/wp\/v2\/pages\/81\/revisions\/96"}],"wp:attachment":[{"href":"https:\/\/quantifier.fr\/index.php\/wp-json\/wp\/v2\/media?parent=81"}],"curies":[{"name":"wp","href":"https:\/\/api.w.org\/{rel}","templated":true}]}}