{"id":37,"date":"2025-04-17T10:33:53","date_gmt":"2025-04-17T08:33:53","guid":{"rendered":"https:\/\/quantifier.fr\/?page_id=37"},"modified":"2025-04-17T10:54:00","modified_gmt":"2025-04-17T08:54:00","slug":"a-propos-de-quantifier","status":"publish","type":"page","link":"https:\/\/quantifier.fr\/index.php\/a-propos-de-quantifier\/","title":{"rendered":"\u00c0 propos de Quantifier"},"content":{"rendered":"\n<div class=\"wp-block-group alignfull has-global-padding is-layout-constrained wp-block-group-is-layout-constrained\" style=\"margin-top:0;margin-bottom:0\">\n<div class=\"wp-block-group alignwide is-layout-grid wp-container-core-group-is-layout-5fdb10e5 wp-block-group-is-layout-grid\" style=\"padding-top:var(--wp--preset--spacing--50);padding-bottom:var(--wp--preset--spacing--50)\">\n<div class=\"wp-block-group is-vertical is-content-justification-stretch is-nowrap is-layout-flex wp-container-core-group-is-layout-627337ab wp-block-group-is-layout-flex\">\n<div class=\"wp-block-group is-vertical is-content-justification-left is-layout-flex wp-container-core-group-is-layout-dd225191 wp-block-group-is-layout-flex\">\n<h2 class=\"wp-block-heading is-style-text-annotation is-style-text-annotation--1\">\u00c0 propos<\/h2>\n\n\n\n<p class=\"is-style-text-subtitle is-style-text-subtitle--2\">Bienvenue sur Quantifier.fr, votre plateforme d\u00e9di\u00e9e \u00e0 l&#8217;analyse quantitative des march\u00e9s financiers. Ce site ne propose pas de conseil boursier, mais des analyses de strat\u00e9gies d&#8217;investissement, des simulateurs de trading et des ressources pour am\u00e9liorer votre prise de d\u00e9cision.<\/p>\n\n\n\n<h2 class=\"wp-block-heading\"><strong>Pourquoi l\u2019analyse quantitative ?<\/strong><\/h2>\n\n\n\n<p>L&#8217;analyse quantitative permet de transformer des donn\u00e9es complexes en informations exploitables. L&#8217;\u00e9tude statistique des donn\u00e9es boursi\u00e8res historique permet d\u2019identifier des comportements de march\u00e9 pr\u00e9dictifs. Une strat\u00e9gie est d\u00e9finie pour tirer profit de ces comportements. La strat\u00e9gie est automatis\u00e9e afin de supprimer les risques de biais comportementaux. C\u2019est une m\u00e9thode objective qui s\u2019appuie sur des preuves historiques.<\/p>\n\n\n\n<p>Si vous \u00eates un investisseur individuel, l&#8217;analyse quantitative peut vous aider \u00e0 prendre des d\u00e9cisions plus inform\u00e9es et \u00e0 am\u00e9liorer vos performances financi\u00e8res.<\/p>\n\n\n\n<h2 class=\"wp-block-heading\">La mission<\/h2>\n\n\n\n<p>Partager et \u00e9changer sur mes recherches. Diffuser une meilleure connaissance des march\u00e9s financiers. Vous permettre d&#8217;explorer et de ma\u00eetriser les techniques de l&#8217;analyse quantitative afin de prendre des d\u00e9cisions \u00e9clair\u00e9es sur les march\u00e9s financiers.<\/p>\n\n\n\n<h2 class=\"wp-block-heading\">Le contenu<\/h2>\n\n\n\n<div class=\"wp-block-group has-global-padding is-layout-constrained wp-block-group-is-layout-constrained\">\n<ul class=\"wp-block-list\">\n<li>Analyse de livres sur l\u2019investissement.<\/li>\n\n\n\n<li>Vulgarisation d\u2019articles universitaires et v\u00e9rification de leurs r\u00e9sultats sur le march\u00e9 fran\u00e7ais.<\/li>\n\n\n\n<li>Analyse de strat\u00e9gies quantitatives.<\/li>\n\n\n\n<li>Outils et simulateurs.<\/li>\n<\/ul>\n\n\n\n<h2 class=\"wp-block-heading\">Le r\u00e9dacteur<\/h2>\n\n\n\n<p>Physicien de formation, je suis informaticien dans le secteur financier depuis plus de 25 ans. Ce m\u00e9tier m&#8217;a amen\u00e9 \u00e0 me passionner pour les march\u00e9s financier et l&#8217;analyse de donn\u00e9es.<\/p>\n\n\n\n<p>Merci de visiter ce site, j&#8217;esp\u00e8re que vous trouverez ici les ressources et l&#8217;inspiration n\u00e9cessaires pour am\u00e9liorer votre prise de d\u00e9cision pour vos investissements.<\/p>\n<\/div>\n<\/div>\n<\/div>\n\n\n\n<figure class=\"wp-block-gallery has-nested-images columns-default is-cropped wp-block-gallery-4 is-layout-flex wp-block-gallery-is-layout-flex\">\n<figure class=\"wp-block-image size-full wp-duotone-unset-3\"><img loading=\"lazy\" decoding=\"async\" width=\"657\" height=\"1472\" data-id=\"69\" src=\"https:\/\/quantifier.fr\/wp-content\/uploads\/2025\/04\/AQ-verticale.png\" alt=\"\" class=\"wp-image-69\" style=\"aspect-ratio:3\/4;object-fit:cover\" srcset=\"https:\/\/quantifier.fr\/wp-content\/uploads\/2025\/04\/AQ-verticale.png 657w, https:\/\/quantifier.fr\/wp-content\/uploads\/2025\/04\/AQ-verticale-134x300.png 134w, https:\/\/quantifier.fr\/wp-content\/uploads\/2025\/04\/AQ-verticale-457x1024.png 457w\" sizes=\"auto, (max-width: 657px) 100vw, 657px\" \/><\/figure>\n<\/figure>\n<\/div>\n<\/div>\n\n\n\n<div class=\"wp-block-group alignfull has-global-padding is-layout-constrained wp-block-group-is-layout-constrained\" style=\"margin-top:0;margin-bottom:0\"><\/div>\n\n\n\n<div class=\"wp-block-group alignfull has-global-padding is-layout-constrained wp-container-core-group-is-layout-08655630 wp-block-group-is-layout-constrained\" style=\"margin-top:0;margin-bottom:0;padding-top:var(--wp--preset--spacing--80);padding-bottom:var(--wp--preset--spacing--80)\">\n<div class=\"wp-block-group alignwide is-layout-flow wp-block-group-is-layout-flow\">\n<p class=\"has-text-align-center is-style-text-display is-style-text-display--5\" style=\"font-style:normal;font-weight:400\">Vous avez des questions&nbsp;? <br><a href=\"https:\/\/quantifier.fr\/index.php\/contact\/#\" rel=\"nofollow\">N\u2019h\u00e9sitez pas \u00e0 me contacter.<\/a><\/p>\n\n\n\n<div style=\"height:var(--wp--preset--spacing--40)\" aria-hidden=\"true\" class=\"wp-block-spacer\"><\/div>\n<\/div>\n<\/div>\n","protected":false},"excerpt":{"rendered":"<p>\u00c0 propos Bienvenue sur Quantifier.fr, votre plateforme d\u00e9di\u00e9e \u00e0 l&#8217;analyse quantitative des march\u00e9s financiers. Ce site ne propose pas de conseil boursier, mais des analyses de strat\u00e9gies d&#8217;investissement, des simulateurs de trading et des ressources pour am\u00e9liorer votre prise de d\u00e9cision. Pourquoi l\u2019analyse quantitative ? L&#8217;analyse quantitative permet de transformer des donn\u00e9es complexes en informations [&hellip;]<\/p>\n","protected":false},"author":1,"featured_media":0,"parent":0,"menu_order":0,"comment_status":"closed","ping_status":"closed","template":"","meta":{"footnotes":""},"class_list":["post-37","page","type-page","status-publish","hentry"],"_links":{"self":[{"href":"https:\/\/quantifier.fr\/index.php\/wp-json\/wp\/v2\/pages\/37","targetHints":{"allow":["GET"]}}],"collection":[{"href":"https:\/\/quantifier.fr\/index.php\/wp-json\/wp\/v2\/pages"}],"about":[{"href":"https:\/\/quantifier.fr\/index.php\/wp-json\/wp\/v2\/types\/page"}],"author":[{"embeddable":true,"href":"https:\/\/quantifier.fr\/index.php\/wp-json\/wp\/v2\/users\/1"}],"replies":[{"embeddable":true,"href":"https:\/\/quantifier.fr\/index.php\/wp-json\/wp\/v2\/comments?post=37"}],"version-history":[{"count":3,"href":"https:\/\/quantifier.fr\/index.php\/wp-json\/wp\/v2\/pages\/37\/revisions"}],"predecessor-version":[{"id":70,"href":"https:\/\/quantifier.fr\/index.php\/wp-json\/wp\/v2\/pages\/37\/revisions\/70"}],"wp:attachment":[{"href":"https:\/\/quantifier.fr\/index.php\/wp-json\/wp\/v2\/media?parent=37"}],"curies":[{"name":"wp","href":"https:\/\/api.w.org\/{rel}","templated":true}]}}